{"id":1785,"date":"2025-04-30T22:23:00","date_gmt":"2025-04-30T22:23:00","guid":{"rendered":"https:\/\/saddlebrown-squid-366287.hostingersite.com\/?post_type=product&#038;p=1785"},"modified":"2025-05-12T20:43:44","modified_gmt":"2025-05-12T20:43:44","slug":"mesa-blackjack-base-cilindro","status":"publish","type":"product","link":"https:\/\/gaming-tables.com\/en\/product\/mesa-blackjack-base-cilindro\/","title":{"rendered":"Mesa Blackjack Base Cilindro"},"content":{"rendered":"<p>Te ofrecemos una gran variedad de dise\u00f1os para mesas de casinos entre los cuales podr\u00e1s elegir o si lo prefieres podemos realizarte un dise\u00f1o personalizado, eligiendo los patrones y colores como fondo, para as\u00ed proceder a sublimarlo.<\/p>","protected":false},"excerpt":{"rendered":"<p>Atrae a mas clientes a jugar en tus mesas cambiando el tapiz, y nosotros te podemos ayudar gracias a nuestros dise\u00f1os de\u00a0<strong>mesas para casino<\/strong>, en los cuales te ofrecemos la mejor calidad y excelentes colores mediante los cuales se podr\u00e1n jugar mejor y al mismo tiempo llamar la atenci\u00f3n de todos tus clientes.<\/p>","protected":false},"featured_media":2118,"comment_status":"open","ping_status":"closed","template":"","meta":[],"product_brand":[],"product_cat":[78],"product_tag":[],"class_list":{"0":"post-1785","1":"product","2":"type-product","3":"status-publish","4":"has-post-thumbnail","6":"product_cat-mesas-2","8":"first","9":"instock","10":"shipping-taxable","11":"purchasable","12":"product-type-simple"},"_links":{"self":[{"href":"https:\/\/gaming-tables.com\/en\/wp-json\/wp\/v2\/product\/1785","targetHints":{"allow":["GET"]}}],"collection":[{"href":"https:\/\/gaming-tables.com\/en\/wp-json\/wp\/v2\/product"}],"about":[{"href":"https:\/\/gaming-tables.com\/en\/wp-json\/wp\/v2\/types\/product"}],"replies":[{"embeddable":true,"href":"https:\/\/gaming-tables.com\/en\/wp-json\/wp\/v2\/comments?post=1785"}],"version-history":[{"count":3,"href":"https:\/\/gaming-tables.com\/en\/wp-json\/wp\/v2\/product\/1785\/revisions"}],"predecessor-version":[{"id":1803,"href":"https:\/\/gaming-tables.com\/en\/wp-json\/wp\/v2\/product\/1785\/revisions\/1803"}],"wp:featuredmedia":[{"embeddable":true,"href":"https:\/\/gaming-tables.com\/en\/wp-json\/wp\/v2\/media\/2118"}],"wp:attachment":[{"href":"https:\/\/gaming-tables.com\/en\/wp-json\/wp\/v2\/media?parent=1785"}],"wp:term":[{"taxonomy":"product_brand","embeddable":true,"href":"https:\/\/gaming-tables.com\/en\/wp-json\/wp\/v2\/product_brand?post=1785"},{"taxonomy":"product_cat","embeddable":true,"href":"https:\/\/gaming-tables.com\/en\/wp-json\/wp\/v2\/product_cat?post=1785"},{"taxonomy":"product_tag","embeddable":true,"href":"https:\/\/gaming-tables.com\/en\/wp-json\/wp\/v2\/product_tag?post=1785"}],"curies":[{"name":"wp","href":"https:\/\/api.w.org\/{rel}","templated":true}]}}