{"id":2226,"date":"2025-05-10T00:01:19","date_gmt":"2025-05-10T00:01:19","guid":{"rendered":"https:\/\/saddlebrown-squid-366287.hostingersite.com\/?post_type=product&#038;p=2226"},"modified":"2026-04-23T21:29:04","modified_gmt":"2026-04-23T21:29:04","slug":"fillas-rfid-40mm-13gr","status":"publish","type":"product","link":"https:\/\/gaming-tables.com\/en\/product\/fillas-rfid-40mm-13gr\/","title":{"rendered":"Fichas RFiD 40mm 13gr"},"content":{"rendered":"<p>M\u00ednimo de piezas: 1200<\/p>\n<p>Fichas personalizables H\u00edbridas (cer\u00e1mica y calcomania)<\/p>\n<ul>\n<li>Cantidades<\/li>\n<li>Texto<\/li>\n<li>Colores<\/li>\n<li>Dise\u00f1o general<\/li>\n<\/ul>","protected":false},"excerpt":{"rendered":"<p>M\u00ednimo de piezas: 1200 Fichas personalizables H\u00edbridas (cer\u00e1mica y calcomania) Cantidades Texto Colores Dise\u00f1o general<\/p>","protected":false},"featured_media":2227,"comment_status":"open","ping_status":"closed","template":"","meta":[],"product_brand":[],"product_cat":[75],"product_tag":[],"class_list":{"0":"post-2226","1":"product","2":"type-product","3":"status-publish","4":"has-post-thumbnail","6":"product_cat-fichas","8":"first","9":"instock","10":"shipping-taxable","11":"purchasable","12":"product-type-simple"},"_links":{"self":[{"href":"https:\/\/gaming-tables.com\/en\/wp-json\/wp\/v2\/product\/2226","targetHints":{"allow":["GET"]}}],"collection":[{"href":"https:\/\/gaming-tables.com\/en\/wp-json\/wp\/v2\/product"}],"about":[{"href":"https:\/\/gaming-tables.com\/en\/wp-json\/wp\/v2\/types\/product"}],"replies":[{"embeddable":true,"href":"https:\/\/gaming-tables.com\/en\/wp-json\/wp\/v2\/comments?post=2226"}],"version-history":[{"count":3,"href":"https:\/\/gaming-tables.com\/en\/wp-json\/wp\/v2\/product\/2226\/revisions"}],"predecessor-version":[{"id":2489,"href":"https:\/\/gaming-tables.com\/en\/wp-json\/wp\/v2\/product\/2226\/revisions\/2489"}],"wp:featuredmedia":[{"embeddable":true,"href":"https:\/\/gaming-tables.com\/en\/wp-json\/wp\/v2\/media\/2227"}],"wp:attachment":[{"href":"https:\/\/gaming-tables.com\/en\/wp-json\/wp\/v2\/media?parent=2226"}],"wp:term":[{"taxonomy":"product_brand","embeddable":true,"href":"https:\/\/gaming-tables.com\/en\/wp-json\/wp\/v2\/product_brand?post=2226"},{"taxonomy":"product_cat","embeddable":true,"href":"https:\/\/gaming-tables.com\/en\/wp-json\/wp\/v2\/product_cat?post=2226"},{"taxonomy":"product_tag","embeddable":true,"href":"https:\/\/gaming-tables.com\/en\/wp-json\/wp\/v2\/product_tag?post=2226"}],"curies":[{"name":"wp","href":"https:\/\/api.w.org\/{rel}","templated":true}]}}