{"id":2653,"date":"2026-05-12T18:22:59","date_gmt":"2026-05-12T18:22:59","guid":{"rendered":"https:\/\/gaming-tables.com\/?post_type=product&#038;p=2653"},"modified":"2026-05-12T18:22:59","modified_gmt":"2026-05-12T18:22:59","slug":"kit-poker-ultimate","status":"publish","type":"product","link":"https:\/\/gaming-tables.com\/en\/product\/kit-poker-ultimate\/","title":{"rendered":"Kit Poker Ultimate"},"content":{"rendered":"<p>Luce un estilo y calidad propios de grandes apostadores en tu pr\u00f3xima noche de p\u00f3quer con \u2018El Set de P\u00f3quer Definitivo\u2019. Este set combina los mejores componentes de su clase en todo, empezando con las 400 fichas de p\u00f3quer extrapesadas con grado de casino. Estas son suficientes fichas para un juego de p\u00f3quer de 8 jugadores, cada una de ellas con una denominaci\u00f3n grande para ayudar a establecer los valores durante la noche de p\u00f3quer. Las fichas producen una gran sensaci\u00f3n en tus manos y suenan al mezclarlas. A continuaci\u00f3n est\u00e1n las cartas: el set incluye 2 barajas de cartas 100% de pl\u00e1stico con una calidad de sala de juego. Estas son las cartas utilizadas por todos los jugadores serios, dado que son resistentes a las dobleces, previenen el marcado y son duraderas, cubriendo as\u00ed las exigencias de largas sesiones de p\u00f3quer. Finalmente, todo viene dentro de un malet\u00edn de aluminio sobredimensionado de grado industrial. Este malet\u00edn pesa m\u00e1s del doble que otros maletines comparables e incorpora un asa revestida de goma de alta resistencia y protecci\u00f3n adicional en las esquinas que mantendr\u00e1 el contenido del interior bien protegido. Tambi\u00e9n incluye un bot\u00f3n de repartidor de cartas, 2 botones de ciegas e instrucciones de juego.<\/p>\n<p>Incluye:<\/p>\n<ul>\n<li>400 fichas de 13.5 g\n<ul>\n<li>10 x 100 piezas<\/li>\n<li>50 x 150 piezas<\/li>\n<li>250 x 100 piezas<\/li>\n<li>1000 x 50 piezas<\/li>\n<\/ul>\n<\/li>\n<li>1 Malet\u00edn de gran resistencia<\/li>\n<li>2 Barajas de cartas de juego<\/li>\n<li>1 Bot\u00f3n de repartidor de cartas<\/li>\n<li>2 Botones de ciegas<\/li>\n<li>Instrucciones<\/li>\n<\/ul>\n<p>Caracter\u00edsticas:<\/p>\n<ul>\n<li>Malet\u00edn:\n<ul>\n<li>Dise\u00f1o de alta resistencia<\/li>\n<li>Protecci\u00f3n adicional de esquinas<\/li>\n<li>Asa revestida de goma para una mayor comodidad<\/li>\n<li>M\u00e1s grueso y alto que los maletines habituales de fichas de p\u00f3quer<\/li>\n<\/ul>\n<\/li>\n<li>Fichas de p\u00f3quer:\n<ul>\n<li>400 fichas de p\u00f3quer extrapesadas de 13.5 g que transmiten un gran sensaci\u00f3n al mezclarlas y apilarlas<\/li>\n<li>Denominaciones grandes y f\u00e1ciles de leer<\/li>\n<\/ul>\n<\/li>\n<li>Cartas de juego:\n<ul>\n<li>Pl\u00e1stico 100%<\/li>\n<li>Flexibles, resistentes y lavables<\/li>\n<li>Resistentes a las dobleces, los ara\u00f1azos y las arrugas<\/li>\n<\/ul>\n<\/li>\n<\/ul>","protected":false},"excerpt":{"rendered":"<p>Luce un estilo y calidad propios de grandes apostadores en tu pr\u00f3xima noche de p\u00f3quer con \u2018El Set de P\u00f3quer<\/p>","protected":false},"featured_media":2660,"comment_status":"open","ping_status":"closed","template":"","meta":[],"product_brand":[],"product_cat":[73,28,85],"product_tag":[],"class_list":{"0":"post-2653","1":"product","2":"type-product","3":"status-publish","4":"has-post-thumbnail","6":"product_cat-accesorios","7":"product_cat-accessories","8":"product_cat-poker","10":"first","11":"instock","12":"shipping-taxable","13":"product-type-simple"},"_links":{"self":[{"href":"https:\/\/gaming-tables.com\/en\/wp-json\/wp\/v2\/product\/2653","targetHints":{"allow":["GET"]}}],"collection":[{"href":"https:\/\/gaming-tables.com\/en\/wp-json\/wp\/v2\/product"}],"about":[{"href":"https:\/\/gaming-tables.com\/en\/wp-json\/wp\/v2\/types\/product"}],"replies":[{"embeddable":true,"href":"https:\/\/gaming-tables.com\/en\/wp-json\/wp\/v2\/comments?post=2653"}],"version-history":[{"count":1,"href":"https:\/\/gaming-tables.com\/en\/wp-json\/wp\/v2\/product\/2653\/revisions"}],"predecessor-version":[{"id":2661,"href":"https:\/\/gaming-tables.com\/en\/wp-json\/wp\/v2\/product\/2653\/revisions\/2661"}],"wp:featuredmedia":[{"embeddable":true,"href":"https:\/\/gaming-tables.com\/en\/wp-json\/wp\/v2\/media\/2660"}],"wp:attachment":[{"href":"https:\/\/gaming-tables.com\/en\/wp-json\/wp\/v2\/media?parent=2653"}],"wp:term":[{"taxonomy":"product_brand","embeddable":true,"href":"https:\/\/gaming-tables.com\/en\/wp-json\/wp\/v2\/product_brand?post=2653"},{"taxonomy":"product_cat","embeddable":true,"href":"https:\/\/gaming-tables.com\/en\/wp-json\/wp\/v2\/product_cat?post=2653"},{"taxonomy":"product_tag","embeddable":true,"href":"https:\/\/gaming-tables.com\/en\/wp-json\/wp\/v2\/product_tag?post=2653"}],"curies":[{"name":"wp","href":"https:\/\/api.w.org\/{rel}","templated":true}]}}